{"id":1028,"date":"2025-04-13T17:14:06","date_gmt":"2025-04-13T15:14:06","guid":{"rendered":"https:\/\/colecture.com\/?page_id=1028"},"modified":"2026-01-12T23:27:07","modified_gmt":"2026-01-12T22:27:07","slug":"terms-and-conditions-agb","status":"publish","type":"page","link":"https:\/\/colecture.com\/en\/terms-and-conditions-agb","title":{"rendered":"Terms and Conditions (AGB)"},"content":{"rendered":"<div data-elementor-type=\"wp-page\" data-elementor-id=\"1028\" class=\"elementor elementor-1028\" data-elementor-settings=\"{&quot;ha_cmc_init_switcher&quot;:&quot;no&quot;}\">\n\t\t\t\t<div class=\"elementor-element elementor-element-b21e29b e-flex e-con-boxed e-con e-parent\" data-id=\"b21e29b\" data-element_type=\"container\" data-e-type=\"container\" data-settings=\"{&quot;_ha_eqh_enable&quot;:false}\">\n\t\t\t\t\t<div class=\"e-con-inner\">\n\t\t\t\t<div class=\"elementor-element elementor-element-703c002 elementor-widget elementor-widget-spacer\" data-id=\"703c002\" data-element_type=\"widget\" data-e-type=\"widget\" data-widget_type=\"spacer.default\">\n\t\t\t\t\t\t\t<div class=\"elementor-spacer\">\n\t\t\t<div class=\"elementor-spacer-inner\"><\/div>\n\t\t<\/div>\n\t\t\t\t\t\t<\/div>\n\t\t\t\t\t<\/div>\n\t\t\t\t<\/div>\n\t\t<div class=\"elementor-element elementor-element-40af464 e-flex e-con-boxed e-con e-parent\" data-id=\"40af464\" data-element_type=\"container\" data-e-type=\"container\" data-settings=\"{&quot;_ha_eqh_enable&quot;:false}\">\n\t\t\t\t\t<div class=\"e-con-inner\">\n\t\t\t\t<div class=\"elementor-element elementor-element-12cec44 elementor-widget elementor-widget-heading\" data-id=\"12cec44\" data-element_type=\"widget\" data-e-type=\"widget\" data-widget_type=\"heading.default\">\n\t\t\t\t\t<h2 class=\"elementor-heading-title elementor-size-default\">Terms &amp; Conditions<\/h2>\t\t\t\t<\/div>\n\t\t\t\t\t<\/div>\n\t\t\t\t<\/div>\n\t\t<div class=\"elementor-element elementor-element-5345c71 e-flex e-con-boxed e-con e-parent\" data-id=\"5345c71\" data-element_type=\"container\" data-e-type=\"container\" data-settings=\"{&quot;_ha_eqh_enable&quot;:false}\">\n\t\t\t\t\t<div class=\"e-con-inner\">\n\t\t\t\t<div class=\"elementor-element elementor-element-e396214 elementor-widget elementor-widget-text-editor\" data-id=\"e396214\" data-element_type=\"widget\" data-e-type=\"widget\" data-widget_type=\"text-editor.default\">\n\t\t\t\t\t\t\t\t\t<p data-start=\"237\" data-end=\"263\"><em>Letzte Aktualisierung: 13. April 2025<\/em><\/p><p data-start=\"237\" data-end=\"263\">Willkommen bei CoLecture, einem Service, der von Roth Advisory, K\u00fcfergasse 2, 6315 Ober\u00e4geri, Schweiz (CHE-241.687.317) angeboten wird. Durch den Zugriff auf die Website oder den Kauf von Dienstleistungen wird den folgenden Allgemeinen Gesch\u00e4ftsbedingungen zugestimmt.<\/p><h2 data-start=\"237\" data-end=\"263\">1. Anwendungsbereich<\/h2><p data-start=\"237\" data-end=\"263\">Diese Allgemeinen Gesch\u00e4ftsbedingungen (AGB) gelten f\u00fcr alle von CoLecture bereitgestellten Dienstleistungen, einschlie\u00dflich, aber nicht beschr\u00e4nkt auf die AI-unterst\u00fctzte Erstellung von Folien, AI-Teaching-Events und Expertenberatung. Sie regeln das Verh\u00e4ltnis zwischen CoLecture und allen Nutzenden, Kundschaft und Besuchenden der Website.<\/p><h2 data-start=\"237\" data-end=\"263\">2. Angebotene Dienstleistungen<\/h2><p data-start=\"237\" data-end=\"263\">CoLecture bietet die folgenden Dienstleistungen an:<\/p><ul><li data-start=\"237\" data-end=\"263\">KI-generierte Folien f\u00fcr den Hochschulunterricht<\/li><li data-start=\"237\" data-end=\"263\">Eventorganisation und Vortragsengagements f\u00fcr Bildungseinrichtungen<\/li><li data-start=\"237\" data-end=\"263\">Beratung zur Integration von AI in Lehrumgebungen<\/li><\/ul><p>Alle Dienstleistungen werden digital oder remote erbracht, sofern nicht anders vereinbart.<\/p><h2>3. Nutzerverpflichtungen<\/h2><p>Die Nutzung der CoLecture-Dienstleistungen setzt voraus, dass: Alle angeforderten Informationen vollst\u00e4ndig und korrekt bereitgestellt werden Die Materialien gem\u00e4\u00df den geltenden akademischen und urheberrechtlichen Standards verwendet werden Die Plattform nicht missbraucht und ihre Inhalte nicht ohne vorherige schriftliche Zustimmung zur kommerziellen Weiterverbreitung vervielf\u00e4ltigt werden.<\/p><h2>4. Geistiges Eigentum<\/h2><p>Alle von CoLecture erstellten Inhalte bleiben das geistige Eigentum von Roth Advisory, sofern nicht anders vereinbart. Kunden wird eine nicht-exklusive, nicht \u00fcbertragbare Lizenz zur Nutzung der gelieferten Inhalte f\u00fcr Bildungszwecke gew\u00e4hrt. CoLecture \u00fcbernimmt keine Verantwortung bei Plagiaten. Die korrekte Angabe von Drittquellen, insbesondere bei Fakten, sind Sache der Nutzenden.<\/p><h2>5. Datenschutz<\/h2><p>Wir halten uns an die schweizerischen Datenschutzgesetze. Pers\u00f6nliche Daten werden ausschliesslich f\u00fcr Kommunikations- und Servicezwecke verwendet. Weitere Informationen sind der Datenschutzerkl\u00e4rung zu entnehmen.<\/p><h2>6. Haftung<\/h2><p>CoLecture bem\u00fcht sich, qualitativ hochwertige, aktuelle und zuverl\u00e4ssige Materialien bereitzustellen. Es wird jedoch keine Haftung f\u00fcr die Richtigkeit, Vollst\u00e4ndigkeit oder Nutzbarkeit der Inhalte f\u00fcr spezifische Bildungsergebnisse \u00fcbernommen. Die Haftung f\u00fcr indirekte Sch\u00e4den oder Datenverlust ist ausgeschlossen.<\/p><h2>7. Stornierungen und R\u00fcckerstattungen<\/h2><p>Aufgrund der massgeschneiderten digitalen Dienstleistungen werden keine R\u00fcckerstattungen gew\u00e4hrt, sobald mit der Arbeit begonnen wurde.<\/p><h2>8. \u00c4nderungen der AGB<\/h2><p>Es wird sich das Recht vorbehalten, diese Allgemeinen Gesch\u00e4ftsbedingungen jederzeit zu \u00e4ndern. Die aktualisierte Version wird auf der Website ver\u00f6ffentlicht und tritt mit der Ver\u00f6ffentlichung in Kraft.<\/p><h2>9. Anwendbares Recht &amp; Gerichtsstand<\/h2><p>Diese AGB unterliegen dem Schweizer Recht. Der Gerichtsstand ist Zug, Schweiz.<\/p><h2>10. Kontakt<\/h2><p>F\u00fcr Fragen oder Anmerkungen kann folgende Kontaktadresse genutzt werden:\u00a0<\/p><p class=\"\" data-start=\"3595\" data-end=\"3726\"><strong data-start=\"3595\" data-end=\"3621\">CoLecture \/ Roth Advisory<\/strong><br data-start=\"3621\" data-end=\"3624\" \/>K\u00fcfergasse 2<br data-start=\"3635\" data-end=\"3638\" \/>6315 Ober\u00e4geri, ZG<br data-start=\"3667\" data-end=\"3670\" \/>Email: <a rel=\"noopener\" data-start=\"3677\" data-end=\"3726\"><span \n                data-original-string='ef+ushUU2rQeRH11XWHlFQ==b196h2Bugge6QMD9mbPy7\/Dn5Eqx\/sLcpS1zOS+qSiEtnw='\n                class='apbct-email-encoder'\n                title='This contact has been encoded by Anti-Spam by CleanTalk. Click to decode. To finish the decoding make sure that JavaScript is enabled in your browser.'>ad<span class=\"apbct-blur\">***<\/span>@<span class=\"apbct-blur\">*******<\/span>re.com<\/span><\/a><\/p>\t\t\t\t\t\t\t\t<\/div>\n\t\t\t\t\t<\/div>\n\t\t\t\t<\/div>\n\t\t\t\t<\/div>","protected":false},"excerpt":{"rendered":"<p>Allgemeine Gesch\u00e4ftsbedingungen (AGB) Letzte Aktualisierung: 13. April 2025 Willkommen bei CoLecture, einem Service, der von Roth Advisory, K\u00fcfergasse 2, 6315 Ober\u00e4geri, Schweiz (CHE-241.687.317) angeboten wird. Durch den Zugriff auf die Website oder den Kauf von Dienstleistungen wird den folgenden Allgemeinen Gesch\u00e4ftsbedingungen zugestimmt. 1. Anwendungsbereich Diese Allgemeinen Gesch\u00e4ftsbedingungen (AGB) gelten f\u00fcr alle von CoLecture bereitgestellten Dienstleistungen, [&hellip;]<\/p>\n","protected":false},"author":3,"featured_media":0,"parent":0,"menu_order":0,"comment_status":"closed","ping_status":"closed","template":"","meta":{"om_disable_all_campaigns":false,"footnotes":""},"class_list":["post-1028","page","type-page","status-publish","hentry"],"yoast_head":"<!-- This site is optimized with the Yoast SEO plugin v27.4 - https:\/\/yoast.com\/product\/yoast-seo-wordpress\/ -->\n<title>Terms and Conditions (AGB) - CoLecture<\/title>\n<meta name=\"robots\" content=\"index, follow, max-snippet:-1, max-image-preview:large, max-video-preview:-1\" \/>\n<link rel=\"canonical\" href=\"https:\/\/colecture.com\/en\/terms-and-conditions-agb\/\" \/>\n<meta property=\"og:locale\" content=\"en_US\" \/>\n<meta property=\"og:type\" content=\"article\" \/>\n<meta property=\"og:title\" content=\"Terms and Conditions (AGB) - CoLecture\" \/>\n<meta property=\"og:description\" content=\"Allgemeine Gesch\u00e4ftsbedingungen (AGB) Letzte Aktualisierung: 13. April 2025 Willkommen bei CoLecture, einem Service, der von Roth Advisory, K\u00fcfergasse 2, 6315 Ober\u00e4geri, Schweiz (CHE-241.687.317) angeboten wird. Durch den Zugriff auf die Website oder den Kauf von Dienstleistungen wird den folgenden Allgemeinen Gesch\u00e4ftsbedingungen zugestimmt. 1. Anwendungsbereich Diese Allgemeinen Gesch\u00e4ftsbedingungen (AGB) gelten f\u00fcr alle von CoLecture bereitgestellten Dienstleistungen, [&hellip;]\" \/>\n<meta property=\"og:url\" content=\"https:\/\/colecture.com\/en\/terms-and-conditions-agb\/\" \/>\n<meta property=\"og:site_name\" content=\"CoLecture\" \/>\n<meta property=\"article:modified_time\" content=\"2026-01-12T22:27:07+00:00\" \/>\n<meta name=\"twitter:card\" content=\"summary_large_image\" \/>\n<meta name=\"twitter:label1\" content=\"Est. reading time\" \/>\n\t<meta name=\"twitter:data1\" content=\"3 minutes\" \/>\n<script type=\"application\/ld+json\" class=\"yoast-schema-graph\">{\"@context\":\"https:\\\/\\\/schema.org\",\"@graph\":[{\"@type\":\"WebPage\",\"@id\":\"https:\\\/\\\/colecture.com\\\/terms-and-conditions-agb\",\"url\":\"https:\\\/\\\/colecture.com\\\/terms-and-conditions-agb\",\"name\":\"Terms and Conditions (AGB) - CoLecture\",\"isPartOf\":{\"@id\":\"https:\\\/\\\/colecture.com\\\/#website\"},\"datePublished\":\"2025-04-13T15:14:06+00:00\",\"dateModified\":\"2026-01-12T22:27:07+00:00\",\"breadcrumb\":{\"@id\":\"https:\\\/\\\/colecture.com\\\/terms-and-conditions-agb#breadcrumb\"},\"inLanguage\":\"en-US\",\"potentialAction\":[{\"@type\":\"ReadAction\",\"target\":[\"https:\\\/\\\/colecture.com\\\/terms-and-conditions-agb\"]}]},{\"@type\":\"BreadcrumbList\",\"@id\":\"https:\\\/\\\/colecture.com\\\/terms-and-conditions-agb#breadcrumb\",\"itemListElement\":[{\"@type\":\"ListItem\",\"position\":1,\"name\":\"Home\",\"item\":\"https:\\\/\\\/colecture.com\\\/\"},{\"@type\":\"ListItem\",\"position\":2,\"name\":\"Terms and Conditions (AGB)\"}]},{\"@type\":\"WebSite\",\"@id\":\"https:\\\/\\\/colecture.com\\\/#website\",\"url\":\"https:\\\/\\\/colecture.com\\\/\",\"name\":\"CoLecture\",\"description\":\"AI-powered slides for modern educators\",\"publisher\":{\"@id\":\"https:\\\/\\\/colecture.com\\\/#organization\"},\"potentialAction\":[{\"@type\":\"SearchAction\",\"target\":{\"@type\":\"EntryPoint\",\"urlTemplate\":\"https:\\\/\\\/colecture.com\\\/?s={search_term_string}\"},\"query-input\":{\"@type\":\"PropertyValueSpecification\",\"valueRequired\":true,\"valueName\":\"search_term_string\"}}],\"inLanguage\":\"en-US\"},{\"@type\":\"Organization\",\"@id\":\"https:\\\/\\\/colecture.com\\\/#organization\",\"name\":\"CoLecture\",\"url\":\"https:\\\/\\\/colecture.com\\\/\",\"logo\":{\"@type\":\"ImageObject\",\"inLanguage\":\"en-US\",\"@id\":\"https:\\\/\\\/colecture.com\\\/#\\\/schema\\\/logo\\\/image\\\/\",\"url\":\"https:\\\/\\\/colecture.com\\\/wp-content\\\/uploads\\\/2026\\\/01\\\/colecture_logo_purpleblack.png\",\"contentUrl\":\"https:\\\/\\\/colecture.com\\\/wp-content\\\/uploads\\\/2026\\\/01\\\/colecture_logo_purpleblack.png\",\"width\":1100,\"height\":200,\"caption\":\"CoLecture\"},\"image\":{\"@id\":\"https:\\\/\\\/colecture.com\\\/#\\\/schema\\\/logo\\\/image\\\/\"}}]}<\/script>\n<!-- \/ Yoast SEO plugin. -->","yoast_head_json":{"title":"Terms and Conditions (AGB) - CoLecture","robots":{"index":"index","follow":"follow","max-snippet":"max-snippet:-1","max-image-preview":"max-image-preview:large","max-video-preview":"max-video-preview:-1"},"canonical":"https:\/\/colecture.com\/en\/terms-and-conditions-agb\/","og_locale":"en_US","og_type":"article","og_title":"Terms and Conditions (AGB) - CoLecture","og_description":"Allgemeine Gesch\u00e4ftsbedingungen (AGB) Letzte Aktualisierung: 13. April 2025 Willkommen bei CoLecture, einem Service, der von Roth Advisory, K\u00fcfergasse 2, 6315 Ober\u00e4geri, Schweiz (CHE-241.687.317) angeboten wird. Durch den Zugriff auf die Website oder den Kauf von Dienstleistungen wird den folgenden Allgemeinen Gesch\u00e4ftsbedingungen zugestimmt. 1. Anwendungsbereich Diese Allgemeinen Gesch\u00e4ftsbedingungen (AGB) gelten f\u00fcr alle von CoLecture bereitgestellten Dienstleistungen, [&hellip;]","og_url":"https:\/\/colecture.com\/en\/terms-and-conditions-agb\/","og_site_name":"CoLecture","article_modified_time":"2026-01-12T22:27:07+00:00","twitter_card":"summary_large_image","twitter_misc":{"Est. reading time":"3 minutes"},"schema":{"@context":"https:\/\/schema.org","@graph":[{"@type":"WebPage","@id":"https:\/\/colecture.com\/terms-and-conditions-agb","url":"https:\/\/colecture.com\/terms-and-conditions-agb","name":"Terms and Conditions (AGB) - CoLecture","isPartOf":{"@id":"https:\/\/colecture.com\/#website"},"datePublished":"2025-04-13T15:14:06+00:00","dateModified":"2026-01-12T22:27:07+00:00","breadcrumb":{"@id":"https:\/\/colecture.com\/terms-and-conditions-agb#breadcrumb"},"inLanguage":"en-US","potentialAction":[{"@type":"ReadAction","target":["https:\/\/colecture.com\/terms-and-conditions-agb"]}]},{"@type":"BreadcrumbList","@id":"https:\/\/colecture.com\/terms-and-conditions-agb#breadcrumb","itemListElement":[{"@type":"ListItem","position":1,"name":"Home","item":"https:\/\/colecture.com\/"},{"@type":"ListItem","position":2,"name":"Terms and Conditions (AGB)"}]},{"@type":"WebSite","@id":"https:\/\/colecture.com\/#website","url":"https:\/\/colecture.com\/","name":"CoLecture","description":"AI-powered slides for modern educators","publisher":{"@id":"https:\/\/colecture.com\/#organization"},"potentialAction":[{"@type":"SearchAction","target":{"@type":"EntryPoint","urlTemplate":"https:\/\/colecture.com\/?s={search_term_string}"},"query-input":{"@type":"PropertyValueSpecification","valueRequired":true,"valueName":"search_term_string"}}],"inLanguage":"en-US"},{"@type":"Organization","@id":"https:\/\/colecture.com\/#organization","name":"CoLecture","url":"https:\/\/colecture.com\/","logo":{"@type":"ImageObject","inLanguage":"en-US","@id":"https:\/\/colecture.com\/#\/schema\/logo\/image\/","url":"https:\/\/colecture.com\/wp-content\/uploads\/2026\/01\/colecture_logo_purpleblack.png","contentUrl":"https:\/\/colecture.com\/wp-content\/uploads\/2026\/01\/colecture_logo_purpleblack.png","width":1100,"height":200,"caption":"CoLecture"},"image":{"@id":"https:\/\/colecture.com\/#\/schema\/logo\/image\/"}}]}},"rttpg_featured_image_url":null,"rttpg_author":{"display_name":"Sascha Roth","author_link":"https:\/\/colecture.com\/en\/archive\/author\/sascha"},"rttpg_comment":0,"rttpg_category":null,"rttpg_excerpt":"Allgemeine Gesch\u00e4ftsbedingungen (AGB) Letzte Aktualisierung: 13. April 2025 Willkommen bei CoLecture, einem Service, der von Roth Advisory, K\u00fcfergasse 2, 6315 Ober\u00e4geri, Schweiz (CHE-241.687.317) angeboten wird. Durch den Zugriff auf die Website oder den Kauf von Dienstleistungen wird den folgenden Allgemeinen Gesch\u00e4ftsbedingungen zugestimmt. 1. Anwendungsbereich Diese Allgemeinen Gesch\u00e4ftsbedingungen (AGB) gelten f\u00fcr alle von CoLecture bereitgestellten Dienstleistungen,&hellip;","_links":{"self":[{"href":"https:\/\/colecture.com\/en\/wp-json\/wp\/v2\/pages\/1028","targetHints":{"allow":["GET"]}}],"collection":[{"href":"https:\/\/colecture.com\/en\/wp-json\/wp\/v2\/pages"}],"about":[{"href":"https:\/\/colecture.com\/en\/wp-json\/wp\/v2\/types\/page"}],"author":[{"embeddable":true,"href":"https:\/\/colecture.com\/en\/wp-json\/wp\/v2\/users\/3"}],"replies":[{"embeddable":true,"href":"https:\/\/colecture.com\/en\/wp-json\/wp\/v2\/comments?post=1028"}],"version-history":[{"count":50,"href":"https:\/\/colecture.com\/en\/wp-json\/wp\/v2\/pages\/1028\/revisions"}],"predecessor-version":[{"id":1675,"href":"https:\/\/colecture.com\/en\/wp-json\/wp\/v2\/pages\/1028\/revisions\/1675"}],"wp:attachment":[{"href":"https:\/\/colecture.com\/en\/wp-json\/wp\/v2\/media?parent=1028"}],"curies":[{"name":"wp","href":"https:\/\/api.w.org\/{rel}","templated":true}]}}