{"id":536,"date":"2025-04-12T15:31:50","date_gmt":"2025-04-12T13:31:50","guid":{"rendered":"https:\/\/colecture.com\/?page_id=536"},"modified":"2026-03-06T10:56:46","modified_gmt":"2026-03-06T09:56:46","slug":"about","status":"publish","type":"page","link":"https:\/\/colecture.com\/en\/about","title":{"rendered":"About"},"content":{"rendered":"<div data-elementor-type=\"wp-page\" data-elementor-id=\"536\" class=\"elementor elementor-536\" data-elementor-settings=\"{&quot;ha_cmc_init_switcher&quot;:&quot;no&quot;}\">\n\t\t\t\t<div class=\"elementor-element elementor-element-1dd02ae5 e-con-full e-flex e-con e-parent\" data-id=\"1dd02ae5\" data-element_type=\"container\" data-e-type=\"container\" data-settings=\"{&quot;_ha_eqh_enable&quot;:false}\">\n\t\t\t\t<div class=\"elementor-element elementor-element-640d4796 elementor-widget elementor-widget-zigzag\" data-id=\"640d4796\" data-element_type=\"widget\" data-e-type=\"widget\" data-settings=\"{&quot;image_shape&quot;:&quot;rounded&quot;}\" data-widget_type=\"zigzag.default\">\n\t\t\t\t<div class=\"elementor-widget-container\">\n\t\t\t\t\t\t\t<div class=\"ehp-zigzag has-direction-start\">\n\t\t\t\t\t\t\t<div class=\"ehp-zigzag__item-wrapper\">\n\t\t\t\t\t<div class=\"ehp-zigzag__item-container\">\n\t\t\t\t\t\t\t\t<div class=\"ehp-zigzag__graphic-element-container has-image\">\n\t\t\t\t\t\t<div class=\"ehp-image ehp-zigzag__image-container\">\n\t\t\t\t<img decoding=\"async\" class=\"ehp-image__img ehp-zigzag__img has-shape-rounded shape-type-image\" src=\"https:\/\/colecture.com\/wp-content\/uploads\/2025\/04\/lucerne-3540546_1280.jpg\" title=\"Lucerne Image by Werner Sidler from Pixabay\" alt=\"Lucerne Image by Werner Sidler from Pixabay\" loading=\"lazy\" \/>\t\t\t<\/div>\n\t\t\t\t\t<\/div>\n\t\t\t\t<div class=\"ehp-zigzag__text-container is-graphic-image\">\n\t\t\t<h2 class=\"ehp-zigzag__title\">Empowering Education from\nLucerne<\/h2><p class=\"ehp-zigzag__description\">Im Herzen der Schweiz im Kanton Zug gegr\u00fcndet, entstand CoLecture aus dem Wunsch, den Unterricht mit innovativer Technologie neu zu gestalten.<br><br>Umgeben von der beeindruckenden Zentralschweizer Landschaft lassen wir uns t\u00e4glich von der regionalen Tradition f\u00fcr Pr\u00e4zision, Qualit\u00e4t und Fortschritt inspirieren.\nHier \u2013 in einem der dynamischsten und fortschrittlichsten Bildungsstandorte der Schweiz \u2013 verbinden wir Schweizer Know-how mit modernster KI-Technologie, um Dozierenden die bestm\u00f6glichen Werkzeuge zur Verf\u00fcgung zu stellen.<br><br>Unsere Mission: die L\u00fccke zwischen Technologie und Bildung zu schliessen \u2013 damit du inspirieren kannst und deine Student:innen ihr volles Potenzial entfalten.<\/p>\t\t<div class=\"ehp-zigzag__button-container\">\n\t\t\t<a class=\"ehp-button ehp-button--primary ehp-zigzag__button ehp-zigzag__button--primary is-type-link\">\n\t\t\t\t<svg aria-hidden=\"true\" class=\"ehp-button__icon e-font-icon-svg e-fas-arrow-right\" 0=\"ehp-zigzag__button-icon\" viewbox=\"0 0 448 512\" xmlns=\"http:\/\/www.w3.org\/2000\/svg\"><path d=\"M190.5 66.9l22.2-22.2c9.4-9.4 24.6-9.4 33.9 0L441 239c9.4 9.4 9.4 24.6 0 33.9L246.6 467.3c-9.4 9.4-24.6 9.4-33.9 0l-22.2-22.2c-9.5-9.5-9.3-25 .4-34.3L311.4 296H24c-13.3 0-24-10.7-24-24v-32c0-13.3 10.7-24 24-24h287.4L190.9 101.2c-9.8-9.3-10-24.8-.4-34.3z\"><\/path><\/svg><span class=\"ehp-zigzag__button-text\">Learn More<\/span>\t\t\t\t\t<\/a>\n\t\t<\/div>\n\t\t\t\t<\/div>\n\t\t\t\t\t\t\t<\/div>\n\t\t\t\t<\/div>\n\t\t\t\t\t\t\t<\/div>\n\t\t\t\t\t\t<\/div>\n\t\t\t\t<\/div>\n\t\t\t\t<\/div>\n\t\t<div class=\"elementor-element elementor-element-3790f4e8 e-flex e-con-boxed e-con e-parent\" data-id=\"3790f4e8\" data-element_type=\"container\" data-e-type=\"container\" data-settings=\"{&quot;background_background&quot;:&quot;classic&quot;,&quot;_ha_eqh_enable&quot;:false}\">\n\t\t\t\t\t<div class=\"e-con-inner\">\n\t\t<div class=\"elementor-element elementor-element-211f9ce3 e-con-full e-flex e-con e-child\" data-id=\"211f9ce3\" data-element_type=\"container\" data-e-type=\"container\" data-settings=\"{&quot;background_background&quot;:&quot;classic&quot;,&quot;_ha_eqh_enable&quot;:false}\">\n\t\t<div class=\"elementor-element elementor-element-7c45804b e-con-full e-flex e-con e-child\" data-id=\"7c45804b\" data-element_type=\"container\" data-e-type=\"container\" data-settings=\"{&quot;background_background&quot;:&quot;classic&quot;,&quot;_ha_eqh_enable&quot;:false}\">\n\t\t\t\t<div class=\"elementor-element elementor-element-5dec856e elementor-widget elementor-widget-heading\" data-id=\"5dec856e\" data-element_type=\"widget\" data-e-type=\"widget\" data-widget_type=\"heading.default\">\n\t\t\t\t\t<h4 class=\"elementor-heading-title elementor-size-default\">We stop at nothing<\/h4>\t\t\t\t<\/div>\n\t\t\t\t<div class=\"elementor-element elementor-element-38848ac2 elementor-widget elementor-widget-text-editor\" data-id=\"38848ac2\" data-element_type=\"widget\" data-e-type=\"widget\" data-widget_type=\"text-editor.default\">\n\t\t\t\t\t\t\t\t\t<p>Our dedication knows no\nbounds. We tackle every\nchallenge head-on, turning\nobstacles into opportunities.<\/p>\t\t\t\t\t\t\t\t<\/div>\n\t\t\t\t<\/div>\n\t\t<div class=\"elementor-element elementor-element-24c1424c e-con-full e-flex e-con e-child\" data-id=\"24c1424c\" data-element_type=\"container\" data-e-type=\"container\" data-settings=\"{&quot;background_background&quot;:&quot;classic&quot;,&quot;_ha_eqh_enable&quot;:false}\">\n\t\t\t\t<div class=\"elementor-element elementor-element-1f33997 elementor-widget elementor-widget-heading\" data-id=\"1f33997\" data-element_type=\"widget\" data-e-type=\"widget\" data-widget_type=\"heading.default\">\n\t\t\t\t\t<h4 class=\"elementor-heading-title elementor-size-default\">We love to explore<\/h4>\t\t\t\t<\/div>\n\t\t\t\t<div class=\"elementor-element elementor-element-82164a6 elementor-widget elementor-widget-text-editor\" data-id=\"82164a6\" data-element_type=\"widget\" data-e-type=\"widget\" data-widget_type=\"text-editor.default\">\n\t\t\t\t\t\t\t\t\t<p>Curiosity drives us to innovate.\nWe are always looking for new\nideas and better ways to serve\nmodern lecturers\u2019 needs.<\/p>\t\t\t\t\t\t\t\t<\/div>\n\t\t\t\t<\/div>\n\t\t<div class=\"elementor-element elementor-element-4e21d9b2 e-con-full e-flex e-con e-child\" data-id=\"4e21d9b2\" data-element_type=\"container\" data-e-type=\"container\" data-settings=\"{&quot;background_background&quot;:&quot;classic&quot;,&quot;_ha_eqh_enable&quot;:false}\">\n\t\t\t\t<div class=\"elementor-element elementor-element-35b10fe9 elementor-widget elementor-widget-heading\" data-id=\"35b10fe9\" data-element_type=\"widget\" data-e-type=\"widget\" data-widget_type=\"heading.default\">\n\t\t\t\t\t<h4 class=\"elementor-heading-title elementor-size-default\">We take it step-by-step<\/h4>\t\t\t\t<\/div>\n\t\t\t\t<div class=\"elementor-element elementor-element-3aeb8917 elementor-widget elementor-widget-text-editor\" data-id=\"3aeb8917\" data-element_type=\"widget\" data-e-type=\"widget\" data-widget_type=\"text-editor.default\">\n\t\t\t\t\t\t\t\t\t<p>Success is a journey. We break\ndown complex goals into\nmanageable steps to ensure\nlasting results.<\/p>\t\t\t\t\t\t\t\t<\/div>\n\t\t\t\t<\/div>\n\t\t<div class=\"elementor-element elementor-element-b743496 e-con-full e-flex e-con e-child\" data-id=\"b743496\" data-element_type=\"container\" data-e-type=\"container\" data-settings=\"{&quot;background_background&quot;:&quot;classic&quot;,&quot;_ha_eqh_enable&quot;:false}\">\n\t\t\t\t<div class=\"elementor-element elementor-element-5100736a elementor-widget elementor-widget-heading\" data-id=\"5100736a\" data-element_type=\"widget\" data-e-type=\"widget\" data-widget_type=\"heading.default\">\n\t\t\t\t\t<h4 class=\"elementor-heading-title elementor-size-default\">We keep it simple<\/h4>\t\t\t\t<\/div>\n\t\t\t\t<div class=\"elementor-element elementor-element-4ae46d89 elementor-widget elementor-widget-text-editor\" data-id=\"4ae46d89\" data-element_type=\"widget\" data-e-type=\"widget\" data-widget_type=\"text-editor.default\">\n\t\t\t\t\t\t\t\t\t<p>Simplicity is the key to clarity.\nWe focus on what matters most\nto create impactful, streamlined\nsolutions.<\/p>\t\t\t\t\t\t\t\t<\/div>\n\t\t\t\t<\/div>\n\t\t\t\t<\/div>\n\t\t<div class=\"elementor-element elementor-element-2ee4e312 e-con-full e-flex e-con e-child\" data-id=\"2ee4e312\" data-element_type=\"container\" data-e-type=\"container\" data-settings=\"{&quot;_ha_eqh_enable&quot;:false}\">\n\t\t\t\t<div class=\"elementor-element elementor-element-52f09552 elementor-widget elementor-widget-heading\" data-id=\"52f09552\" data-element_type=\"widget\" data-e-type=\"widget\" data-widget_type=\"heading.default\">\n\t\t\t\t\t<h2 class=\"elementor-heading-title elementor-size-default\">Your lecture. Our mission.<\/h2>\t\t\t\t<\/div>\n\t\t\t\t<div class=\"elementor-element elementor-element-5f3503c8 elementor-widget elementor-widget-cta\" data-id=\"5f3503c8\" data-element_type=\"widget\" data-e-type=\"widget\" data-settings=\"{&quot;cta_position&quot;:&quot;column&quot;,&quot;primary_button_shape&quot;:&quot;round&quot;,&quot;layout_preset&quot;:&quot;streamline&quot;,&quot;content_alignment&quot;:&quot;start&quot;,&quot;content_alignment_tablet&quot;:&quot;center&quot;,&quot;content_alignment_mobile&quot;:&quot;center&quot;,&quot;cta_width&quot;:&quot;default&quot;,&quot;box_shape&quot;:&quot;sharp&quot;}\" data-widget_type=\"cta.default\">\n\t\t\t\t<div class=\"elementor-widget-container\">\n\t\t\t\t\t\t\t<div class=\"has-shape-sharp shape-type-box ehp-cta has-preset-streamline\">\n\t\t\t<div class=\"ehp-cta__overlay\"><\/div>\n\t\t\t<div class=\"ehp-cta__elements-container\">\n\t\t\t\t\t\t<div class=\"ehp-cta__text-container\">\n\t\t\t<h2 class=\"ehp-cta__heading\">We believe in hard work and\ndedication\u200b<\/h2><p class=\"ehp-cta__description\">Your teaching success is our\nmission. Every solution we\nprovide is driven by a\ncommitment to excellence and a\nfocus on enhancing your\neducational experience. We take\npride in delivering outstanding\nresults through collaboration,\ninnovation, and a deep\nunderstanding of your needs.<\/p>\t\t<\/div>\n\t\t\t\t\t<div class=\"ehp-cta__ctas-container has-cta-width-default\">\n\t\t\t\t<div class=\"ehp-cta__buttons-wrapper\">\n\t\t\t\t\t\t\t<a class=\"has-shape-round shape-type-button ehp-button ehp-button--primary ehp-cta__button ehp-cta__button--primary is-type-button\" href=\"https:\/\/colecture.com\/en\/services\/\">\n\t\t\t<svg aria-hidden=\"true\" class=\"ehp-button__icon e-font-icon-svg e-fas-arrow-right\" 0=\"ehp-cta__button-icon\" viewbox=\"0 0 448 512\" xmlns=\"http:\/\/www.w3.org\/2000\/svg\"><path d=\"M190.5 66.9l22.2-22.2c9.4-9.4 24.6-9.4 33.9 0L441 239c9.4 9.4 9.4 24.6 0 33.9L246.6 467.3c-9.4 9.4-24.6 9.4-33.9 0l-22.2-22.2c-9.5-9.5-9.3-25 .4-34.3L311.4 296H24c-13.3 0-24-10.7-24-24v-32c0-13.3 10.7-24 24-24h287.4L190.9 101.2c-9.8-9.3-10-24.8-.4-34.3z\"><\/path><\/svg>\t\t<span class=\"ehp-button__text ehp-cta__button-text ehp-cta__button-text--primary\">\n\t\t\tOur Services\t\t\t\t<\/a>\n\t\t\t\t\t\t\t\t\t\t\t<\/div>\n\t\t\t<\/div>\n\t\t\t\t\t<\/div>\n\t\t<\/div>\n\t\t\t\t\t\t<\/div>\n\t\t\t\t<\/div>\n\t\t\t\t<\/div>\n\t\t\t\t<div class=\"elementor-element elementor-element-106f95de elementor-widget__width-inherit elementor-widget elementor-widget-menu-anchor\" data-id=\"106f95de\" data-element_type=\"widget\" data-e-type=\"widget\" data-widget_type=\"menu-anchor.default\">\n\t\t\t\t\t\t\t<div class=\"elementor-menu-anchor\" id=\"team\"><\/div>\n\t\t\t\t\t\t<\/div>\n\t\t\t\t\t<\/div>\n\t\t\t\t<\/div>\n\t\t<div class=\"elementor-element elementor-element-e8d7f5f e-flex e-con-boxed e-con e-parent\" data-id=\"e8d7f5f\" data-element_type=\"container\" data-e-type=\"container\" data-settings=\"{&quot;_ha_eqh_enable&quot;:false}\">\n\t\t\t\t\t<div class=\"e-con-inner\">\n\t\t\t\t<div class=\"elementor-element elementor-element-b6aadaf elementor-widget elementor-widget-spacer\" data-id=\"b6aadaf\" data-element_type=\"widget\" data-e-type=\"widget\" data-widget_type=\"spacer.default\">\n\t\t\t\t\t\t\t<div class=\"elementor-spacer\">\n\t\t\t<div class=\"elementor-spacer-inner\"><\/div>\n\t\t<\/div>\n\t\t\t\t\t\t<\/div>\n\t\t\t\t\t<\/div>\n\t\t\t\t<\/div>\n\t\t<div class=\"elementor-element elementor-element-2ddbe92e e-flex e-con-boxed e-con e-parent\" data-id=\"2ddbe92e\" data-element_type=\"container\" data-e-type=\"container\" data-settings=\"{&quot;background_background&quot;:&quot;gradient&quot;,&quot;shape_divider_top&quot;:&quot;waves&quot;,&quot;_ha_eqh_enable&quot;:false}\">\n\t\t\t\t\t<div class=\"e-con-inner\">\n\t\t\t\t<div class=\"elementor-shape elementor-shape-top\" aria-hidden=\"true\" data-negative=\"false\">\n\t\t\t<svg xmlns=\"http:\/\/www.w3.org\/2000\/svg\" viewbox=\"0 0 1000 100\" preserveaspectratio=\"none\">\n\t<path class=\"elementor-shape-fill\" d=\"M421.9,6.5c22.6-2.5,51.5,0.4,75.5,5.3c23.6,4.9,70.9,23.5,100.5,35.7c75.8,32.2,133.7,44.5,192.6,49.7\tc23.6,2.1,48.7,3.5,103.4-2.5c54.7-6,106.2-25.6,106.2-25.6V0H0v30.3c0,0,72,32.6,158.4,30.5c39.2-0.7,92.8-6.7,134-22.4\tc21.2-8.1,52.2-18.2,79.7-24.2C399.3,7.9,411.6,7.5,421.9,6.5z\"\/>\n<\/svg>\t\t<\/div>\n\t\t<div class=\"elementor-element elementor-element-471caf04 e-con-full e-flex e-con e-child\" data-id=\"471caf04\" data-element_type=\"container\" data-e-type=\"container\" data-settings=\"{&quot;_ha_eqh_enable&quot;:false}\">\n\t\t\t\t<div class=\"elementor-element elementor-element-490402f2 elementor-widget elementor-widget-cta\" data-id=\"490402f2\" data-element_type=\"widget\" data-e-type=\"widget\" data-settings=\"{&quot;primary_button_shape&quot;:&quot;round&quot;,&quot;layout_preset&quot;:&quot;focus&quot;,&quot;cta_vertical_position&quot;:&quot;start&quot;,&quot;box_shape&quot;:&quot;sharp&quot;}\" data-widget_type=\"cta.default\">\n\t\t\t\t<div class=\"elementor-widget-container\">\n\t\t\t\t\t\t\t<div class=\"has-shape-sharp shape-type-box ehp-cta has-preset-focus\">\n\t\t\t<div class=\"ehp-cta__overlay\"><\/div>\n\t\t\t<div class=\"ehp-cta__elements-container\">\n\t\t\t\t\t\t<div class=\"ehp-cta__text-container\">\n\t\t\t<h2 class=\"ehp-cta__heading\">M\u00f6chtest du deinen Unterricht mit KI-gest\u00fctzten L\u00f6sungen aufwerten?<\/h2><p class=\"ehp-cta__description\">We can do it together.<\/p>\t\t<\/div>\n\t\t\t\t\t<div class=\"ehp-cta__ctas-container\">\n\t\t\t\t<div class=\"ehp-cta__buttons-wrapper\">\n\t\t\t\t\t\t\t<a class=\"has-shape-round shape-type-button ehp-button ehp-button--primary ehp-cta__button ehp-cta__button--primary is-type-button\" href=\"https:\/\/colecture.com\/en\/contact\/\">\n\t\t\t<svg aria-hidden=\"true\" class=\"ehp-button__icon e-font-icon-svg e-fas-arrow-right\" 0=\"ehp-cta__button-icon\" viewbox=\"0 0 448 512\" xmlns=\"http:\/\/www.w3.org\/2000\/svg\"><path d=\"M190.5 66.9l22.2-22.2c9.4-9.4 24.6-9.4 33.9 0L441 239c9.4 9.4 9.4 24.6 0 33.9L246.6 467.3c-9.4 9.4-24.6 9.4-33.9 0l-22.2-22.2c-9.5-9.5-9.3-25 .4-34.3L311.4 296H24c-13.3 0-24-10.7-24-24v-32c0-13.3 10.7-24 24-24h287.4L190.9 101.2c-9.8-9.3-10-24.8-.4-34.3z\"><\/path><\/svg>\t\t<span class=\"ehp-button__text ehp-cta__button-text ehp-cta__button-text--primary\">\n\t\t\tContact us\t\t\t\t<\/a>\n\t\t\t\t\t\t\t\t\t\t\t<\/div>\n\t\t\t<\/div>\n\t\t\t\t\t<\/div>\n\t\t<\/div>\n\t\t\t\t\t\t<\/div>\n\t\t\t\t<\/div>\n\t\t\t\t<\/div>\n\t\t<div class=\"elementor-element elementor-element-75922b95 e-con-full e-flex e-con e-child\" data-id=\"75922b95\" data-element_type=\"container\" data-e-type=\"container\" data-settings=\"{&quot;_ha_eqh_enable&quot;:false}\">\n\t\t\t\t<div class=\"elementor-element elementor-element-37184ada elementor-widget elementor-widget-image\" data-id=\"37184ada\" data-element_type=\"widget\" data-e-type=\"widget\" data-widget_type=\"image.default\">\n\t\t\t\t\t\t\t\t\t\t\t\t\t\t\t<img decoding=\"async\" src=\"https:\/\/colecture.com\/wp-content\/uploads\/elementor\/thumbs\/pexels-mikael-blomkvist-6476779-scaled-rhk3uo339wzuxle3ce052632mvwmf8i8tiohsh5b48.jpg\" title=\"pexels-mikael-blomkvist-6476779\" alt=\"pexels-mikael-blomkvist-6476779\" loading=\"lazy\" \/>\t\t\t\t\t\t\t\t\t\t\t\t\t\t\t<\/div>\n\t\t\t\t<\/div>\n\t\t\t\t\t<\/div>\n\t\t\t\t<\/div>\n\t\t\t\t<\/div>","protected":false},"excerpt":{"rendered":"<p>Bildung st\u00e4rken \u2013 aus Luzern heraus Im Herzen der Schweiz im Kanton Zug gegr\u00fcndet, entstand CoLecture aus dem Wunsch, den Unterricht mit innovativer Technologie neu zu gestalten. Umgeben von der beeindruckenden Zentralschweizer Landschaft lassen wir uns t\u00e4glich von der regionalen Tradition f\u00fcr Pr\u00e4zision, Qualit\u00e4t und Fortschritt inspirieren. Hier \u2013 in einem der dynamischsten und fortschrittlichsten [&hellip;]<\/p>\n","protected":false},"author":3,"featured_media":0,"parent":0,"menu_order":0,"comment_status":"closed","ping_status":"closed","template":"elementor_header_footer","meta":{"om_disable_all_campaigns":false,"footnotes":""},"class_list":["post-536","page","type-page","status-publish","hentry"],"yoast_head":"<!-- This site is optimized with the Yoast SEO plugin v27.4 - https:\/\/yoast.com\/product\/yoast-seo-wordpress\/ -->\n<title>About - CoLecture<\/title>\n<meta name=\"robots\" content=\"index, follow, max-snippet:-1, max-image-preview:large, max-video-preview:-1\" \/>\n<link rel=\"canonical\" href=\"https:\/\/colecture.com\/en\/about\/\" \/>\n<meta property=\"og:locale\" content=\"en_US\" \/>\n<meta property=\"og:type\" content=\"article\" \/>\n<meta property=\"og:title\" content=\"About - CoLecture\" \/>\n<meta property=\"og:description\" content=\"Bildung st\u00e4rken \u2013 aus Luzern heraus Im Herzen der Schweiz im Kanton Zug gegr\u00fcndet, entstand CoLecture aus dem Wunsch, den Unterricht mit innovativer Technologie neu zu gestalten. Umgeben von der beeindruckenden Zentralschweizer Landschaft lassen wir uns t\u00e4glich von der regionalen Tradition f\u00fcr Pr\u00e4zision, Qualit\u00e4t und Fortschritt inspirieren. Hier \u2013 in einem der dynamischsten und fortschrittlichsten [&hellip;]\" \/>\n<meta property=\"og:url\" content=\"https:\/\/colecture.com\/en\/about\/\" \/>\n<meta property=\"og:site_name\" content=\"CoLecture\" \/>\n<meta property=\"article:modified_time\" content=\"2026-03-06T09:56:46+00:00\" \/>\n<meta property=\"og:image\" content=\"https:\/\/colecture.com\/wp-content\/uploads\/2025\/04\/lucerne-3540546_1280.jpg\" \/>\n<meta name=\"twitter:card\" content=\"summary_large_image\" \/>\n<meta name=\"twitter:label1\" content=\"Est. reading time\" \/>\n\t<meta name=\"twitter:data1\" content=\"2 minutes\" \/>\n<script type=\"application\/ld+json\" class=\"yoast-schema-graph\">{\"@context\":\"https:\\\/\\\/schema.org\",\"@graph\":[{\"@type\":\"WebPage\",\"@id\":\"https:\\\/\\\/colecture.com\\\/about\",\"url\":\"https:\\\/\\\/colecture.com\\\/about\",\"name\":\"About - CoLecture\",\"isPartOf\":{\"@id\":\"https:\\\/\\\/colecture.com\\\/#website\"},\"primaryImageOfPage\":{\"@id\":\"https:\\\/\\\/colecture.com\\\/about#primaryimage\"},\"image\":{\"@id\":\"https:\\\/\\\/colecture.com\\\/about#primaryimage\"},\"thumbnailUrl\":\"https:\\\/\\\/colecture.com\\\/wp-content\\\/uploads\\\/2025\\\/04\\\/lucerne-3540546_1280.jpg\",\"datePublished\":\"2025-04-12T13:31:50+00:00\",\"dateModified\":\"2026-03-06T09:56:46+00:00\",\"breadcrumb\":{\"@id\":\"https:\\\/\\\/colecture.com\\\/about#breadcrumb\"},\"inLanguage\":\"en-US\",\"potentialAction\":[{\"@type\":\"ReadAction\",\"target\":[\"https:\\\/\\\/colecture.com\\\/about\"]}]},{\"@type\":\"ImageObject\",\"inLanguage\":\"en-US\",\"@id\":\"https:\\\/\\\/colecture.com\\\/about#primaryimage\",\"url\":\"https:\\\/\\\/colecture.com\\\/wp-content\\\/uploads\\\/2025\\\/04\\\/lucerne-3540546_1280.jpg\",\"contentUrl\":\"https:\\\/\\\/colecture.com\\\/wp-content\\\/uploads\\\/2025\\\/04\\\/lucerne-3540546_1280.jpg\"},{\"@type\":\"BreadcrumbList\",\"@id\":\"https:\\\/\\\/colecture.com\\\/about#breadcrumb\",\"itemListElement\":[{\"@type\":\"ListItem\",\"position\":1,\"name\":\"Home\",\"item\":\"https:\\\/\\\/colecture.com\\\/\"},{\"@type\":\"ListItem\",\"position\":2,\"name\":\"About\"}]},{\"@type\":\"WebSite\",\"@id\":\"https:\\\/\\\/colecture.com\\\/#website\",\"url\":\"https:\\\/\\\/colecture.com\\\/\",\"name\":\"CoLecture\",\"description\":\"AI-powered slides for modern educators\",\"publisher\":{\"@id\":\"https:\\\/\\\/colecture.com\\\/#organization\"},\"potentialAction\":[{\"@type\":\"SearchAction\",\"target\":{\"@type\":\"EntryPoint\",\"urlTemplate\":\"https:\\\/\\\/colecture.com\\\/?s={search_term_string}\"},\"query-input\":{\"@type\":\"PropertyValueSpecification\",\"valueRequired\":true,\"valueName\":\"search_term_string\"}}],\"inLanguage\":\"en-US\"},{\"@type\":\"Organization\",\"@id\":\"https:\\\/\\\/colecture.com\\\/#organization\",\"name\":\"CoLecture\",\"url\":\"https:\\\/\\\/colecture.com\\\/\",\"logo\":{\"@type\":\"ImageObject\",\"inLanguage\":\"en-US\",\"@id\":\"https:\\\/\\\/colecture.com\\\/#\\\/schema\\\/logo\\\/image\\\/\",\"url\":\"https:\\\/\\\/colecture.com\\\/wp-content\\\/uploads\\\/2026\\\/01\\\/colecture_logo_purpleblack.png\",\"contentUrl\":\"https:\\\/\\\/colecture.com\\\/wp-content\\\/uploads\\\/2026\\\/01\\\/colecture_logo_purpleblack.png\",\"width\":1100,\"height\":200,\"caption\":\"CoLecture\"},\"image\":{\"@id\":\"https:\\\/\\\/colecture.com\\\/#\\\/schema\\\/logo\\\/image\\\/\"}}]}<\/script>\n<!-- \/ Yoast SEO plugin. -->","yoast_head_json":{"title":"About - CoLecture","robots":{"index":"index","follow":"follow","max-snippet":"max-snippet:-1","max-image-preview":"max-image-preview:large","max-video-preview":"max-video-preview:-1"},"canonical":"https:\/\/colecture.com\/en\/about\/","og_locale":"en_US","og_type":"article","og_title":"About - CoLecture","og_description":"Bildung st\u00e4rken \u2013 aus Luzern heraus Im Herzen der Schweiz im Kanton Zug gegr\u00fcndet, entstand CoLecture aus dem Wunsch, den Unterricht mit innovativer Technologie neu zu gestalten. Umgeben von der beeindruckenden Zentralschweizer Landschaft lassen wir uns t\u00e4glich von der regionalen Tradition f\u00fcr Pr\u00e4zision, Qualit\u00e4t und Fortschritt inspirieren. Hier \u2013 in einem der dynamischsten und fortschrittlichsten [&hellip;]","og_url":"https:\/\/colecture.com\/en\/about\/","og_site_name":"CoLecture","article_modified_time":"2026-03-06T09:56:46+00:00","og_image":[{"url":"https:\/\/colecture.com\/wp-content\/uploads\/2025\/04\/lucerne-3540546_1280.jpg","type":"","width":"","height":""}],"twitter_card":"summary_large_image","twitter_misc":{"Est. reading time":"2 minutes"},"schema":{"@context":"https:\/\/schema.org","@graph":[{"@type":"WebPage","@id":"https:\/\/colecture.com\/about","url":"https:\/\/colecture.com\/about","name":"About - CoLecture","isPartOf":{"@id":"https:\/\/colecture.com\/#website"},"primaryImageOfPage":{"@id":"https:\/\/colecture.com\/about#primaryimage"},"image":{"@id":"https:\/\/colecture.com\/about#primaryimage"},"thumbnailUrl":"https:\/\/colecture.com\/wp-content\/uploads\/2025\/04\/lucerne-3540546_1280.jpg","datePublished":"2025-04-12T13:31:50+00:00","dateModified":"2026-03-06T09:56:46+00:00","breadcrumb":{"@id":"https:\/\/colecture.com\/about#breadcrumb"},"inLanguage":"en-US","potentialAction":[{"@type":"ReadAction","target":["https:\/\/colecture.com\/about"]}]},{"@type":"ImageObject","inLanguage":"en-US","@id":"https:\/\/colecture.com\/about#primaryimage","url":"https:\/\/colecture.com\/wp-content\/uploads\/2025\/04\/lucerne-3540546_1280.jpg","contentUrl":"https:\/\/colecture.com\/wp-content\/uploads\/2025\/04\/lucerne-3540546_1280.jpg"},{"@type":"BreadcrumbList","@id":"https:\/\/colecture.com\/about#breadcrumb","itemListElement":[{"@type":"ListItem","position":1,"name":"Home","item":"https:\/\/colecture.com\/"},{"@type":"ListItem","position":2,"name":"About"}]},{"@type":"WebSite","@id":"https:\/\/colecture.com\/#website","url":"https:\/\/colecture.com\/","name":"CoLecture","description":"AI-powered slides for modern educators","publisher":{"@id":"https:\/\/colecture.com\/#organization"},"potentialAction":[{"@type":"SearchAction","target":{"@type":"EntryPoint","urlTemplate":"https:\/\/colecture.com\/?s={search_term_string}"},"query-input":{"@type":"PropertyValueSpecification","valueRequired":true,"valueName":"search_term_string"}}],"inLanguage":"en-US"},{"@type":"Organization","@id":"https:\/\/colecture.com\/#organization","name":"CoLecture","url":"https:\/\/colecture.com\/","logo":{"@type":"ImageObject","inLanguage":"en-US","@id":"https:\/\/colecture.com\/#\/schema\/logo\/image\/","url":"https:\/\/colecture.com\/wp-content\/uploads\/2026\/01\/colecture_logo_purpleblack.png","contentUrl":"https:\/\/colecture.com\/wp-content\/uploads\/2026\/01\/colecture_logo_purpleblack.png","width":1100,"height":200,"caption":"CoLecture"},"image":{"@id":"https:\/\/colecture.com\/#\/schema\/logo\/image\/"}}]}},"rttpg_featured_image_url":null,"rttpg_author":{"display_name":"Sascha Roth","author_link":"https:\/\/colecture.com\/en\/archive\/author\/sascha"},"rttpg_comment":0,"rttpg_category":null,"rttpg_excerpt":"Bildung st\u00e4rken \u2013 aus Luzern heraus Im Herzen der Schweiz im Kanton Zug gegr\u00fcndet, entstand CoLecture aus dem Wunsch, den Unterricht mit innovativer Technologie neu zu gestalten. Umgeben von der beeindruckenden Zentralschweizer Landschaft lassen wir uns t\u00e4glich von der regionalen Tradition f\u00fcr Pr\u00e4zision, Qualit\u00e4t und Fortschritt inspirieren. Hier \u2013 in einem der dynamischsten und fortschrittlichsten&hellip;","_links":{"self":[{"href":"https:\/\/colecture.com\/en\/wp-json\/wp\/v2\/pages\/536","targetHints":{"allow":["GET"]}}],"collection":[{"href":"https:\/\/colecture.com\/en\/wp-json\/wp\/v2\/pages"}],"about":[{"href":"https:\/\/colecture.com\/en\/wp-json\/wp\/v2\/types\/page"}],"author":[{"embeddable":true,"href":"https:\/\/colecture.com\/en\/wp-json\/wp\/v2\/users\/3"}],"replies":[{"embeddable":true,"href":"https:\/\/colecture.com\/en\/wp-json\/wp\/v2\/comments?post=536"}],"version-history":[{"count":85,"href":"https:\/\/colecture.com\/en\/wp-json\/wp\/v2\/pages\/536\/revisions"}],"predecessor-version":[{"id":1760,"href":"https:\/\/colecture.com\/en\/wp-json\/wp\/v2\/pages\/536\/revisions\/1760"}],"wp:attachment":[{"href":"https:\/\/colecture.com\/en\/wp-json\/wp\/v2\/media?parent=536"}],"curies":[{"name":"wp","href":"https:\/\/api.w.org\/{rel}","templated":true}]}}